{"id":31,"date":"2026-03-06T04:21:48","date_gmt":"2026-03-06T04:21:48","guid":{"rendered":"https:\/\/geekdesign.mx\/offerings\/"},"modified":"2026-03-06T04:22:43","modified_gmt":"2026-03-06T04:22:43","slug":"offerings","status":"publish","type":"page","link":"https:\/\/geekdesign.mx\/?page_id=31","title":{"rendered":"Offerings"},"content":{"rendered":"\n<div class=\"wp-block-uagb-container uagb-block-4d237974 alignfull uagb-is-root-container\"><div class=\"uagb-container-inner-blocks-wrap\">\n<div class=\"wp-block-uagb-advanced-heading uagb-block-ce3060fa\"><h1 class=\"uagb-heading-text\">Soluciones de Grabado y Corte L\u00e1ser<\/h1><\/div>\n<\/div><\/div>\n\n\n\n<div class=\"wp-block-uagb-container uagb-block-c06db880 alignfull uagb-is-root-container\"><div class=\"uagb-container-inner-blocks-wrap\">\n<div class=\"wp-block-uagb-container uagb-block-7010744c\">\n<div class=\"wp-block-uagb-container uagb-block-c126a6ad\">\n<div class=\"wp-block-uagb-image alignleft uagb-block-73a5631d wp-block-uagb-image--layout-default wp-block-uagb-image--effect-static wp-block-uagb-image--align-left\"><figure class=\"wp-block-uagb-image__figure\"><img loading=\"lazy\" decoding=\"async\" srcset=\"https:\/\/geekdesign.mx\/wp-content\/uploads\/2026\/03\/Corte-laser-24-de-1330.jpeg ,https:\/\/geekdesign.mx\/wp-content\/uploads\/2026\/03\/Corte-laser-24-de-1330.jpeg 780w, https:\/\/geekdesign.mx\/wp-content\/uploads\/2026\/03\/Corte-laser-24-de-1330.jpeg 360w\" sizes=\"auto, (max-width: 480px) 150px\" src=\"https:\/\/geekdesign.mx\/wp-content\/uploads\/2026\/03\/Corte-laser-24-de-1330.jpeg\" alt=\"Corte Laser 24 De 1330\" class=\"uag-image-145\" width=\"560\" height=\"450\" title=\"Offerings\" loading=\"lazy\" role=\"img\"><\/figure><\/div>\n<\/div>\n\n\n\n<div class=\"wp-block-uagb-container uagb-block-86ce49f3\">\n<div class=\"wp-block-uagb-advanced-heading uagb-block-78981b64\"><div class=\"uagb-heading-text\">01<\/div><\/div>\n\n\n\n<div class=\"wp-block-uagb-advanced-heading uagb-block-d5ee27ff\"><h2 class=\"uagb-heading-text\">Grabado L\u00e1ser<\/h2><p class=\"uagb-desc-text\">Ofrecemos grabado l\u00e1ser en una amplia variedad de superficies, ideal para placas industriales y art\u00edculos promocionales. Cada dise\u00f1o se adapta a tus necesidades espec\u00edficas para un acabado perfecto.<\/p><\/div>\n<\/div>\n<\/div>\n\n\n\n<div class=\"wp-block-uagb-container uagb-block-a444e0f2\">\n<div class=\"wp-block-uagb-container uagb-block-75dca7d2\">\n<div class=\"wp-block-uagb-advanced-heading uagb-block-80620d8c\"><div class=\"uagb-heading-text\">02<\/div><\/div>\n\n\n\n<div class=\"wp-block-uagb-advanced-heading uagb-block-5272db78\"><h2 class=\"uagb-heading-text\">Corte L\u00e1ser<\/h2><p class=\"uagb-desc-text\">Nuestro servicio de corte l\u00e1ser permite crear piezas \u00fanicas con alta precisi\u00f3n. Utilizamos tecnolog\u00eda avanzada para asegurar cortes limpios y dise\u00f1os complejos que cumplen con tus requerimientos.<\/p><\/div>\n<\/div>\n\n\n\n<div class=\"wp-block-uagb-container uagb-block-52e8d814\">\n<div class=\"wp-block-uagb-image alignright uagb-block-053cc466 wp-block-uagb-image--layout-default wp-block-uagb-image--effect-static wp-block-uagb-image--align-right\"><figure class=\"wp-block-uagb-image__figure\"><img loading=\"lazy\" decoding=\"async\" srcset=\"https:\/\/geekdesign.mx\/wp-content\/uploads\/2026\/03\/Corte-laser-42-de-1330.jpeg ,https:\/\/geekdesign.mx\/wp-content\/uploads\/2026\/03\/Corte-laser-42-de-1330.jpeg 780w, https:\/\/geekdesign.mx\/wp-content\/uploads\/2026\/03\/Corte-laser-42-de-1330.jpeg 360w\" sizes=\"auto, (max-width: 480px) 150px\" src=\"https:\/\/geekdesign.mx\/wp-content\/uploads\/2026\/03\/Corte-laser-42-de-1330.jpeg\" alt=\"Corte Laser 42 De 1330\" class=\"uag-image-146\" width=\"560\" height=\"450\" title=\"Offerings\" loading=\"lazy\" role=\"img\"><\/figure><\/div>\n<\/div>\n<\/div>\n\n\n\n<div class=\"wp-block-uagb-container uagb-block-b2d9e760\">\n<div class=\"wp-block-uagb-container uagb-block-43a5342f\">\n<div class=\"wp-block-uagb-image alignleft uagb-block-892e64a2 wp-block-uagb-image--layout-default wp-block-uagb-image--effect-static wp-block-uagb-image--align-left\"><figure class=\"wp-block-uagb-image__figure\"><img loading=\"lazy\" decoding=\"async\" srcset=\"https:\/\/geekdesign.mx\/wp-content\/uploads\/2026\/03\/Corte-laser-46-de-1330.jpeg ,https:\/\/geekdesign.mx\/wp-content\/uploads\/2026\/03\/Corte-laser-46-de-1330.jpeg 780w, https:\/\/geekdesign.mx\/wp-content\/uploads\/2026\/03\/Corte-laser-46-de-1330.jpeg 360w\" sizes=\"auto, (max-width: 480px) 150px\" src=\"https:\/\/geekdesign.mx\/wp-content\/uploads\/2026\/03\/Corte-laser-46-de-1330.jpeg\" alt=\"Corte Laser 46 De 1330\" class=\"uag-image-147\" width=\"560\" height=\"450\" title=\"Offerings\" loading=\"lazy\" role=\"img\"><\/figure><\/div>\n<\/div>\n\n\n\n<div class=\"wp-block-uagb-container uagb-block-55c5dc54\">\n<div class=\"wp-block-uagb-advanced-heading uagb-block-2b230474\"><div class=\"uagb-heading-text\">03<\/div><\/div>\n\n\n\n<div class=\"wp-block-uagb-advanced-heading uagb-block-d76864a8\"><h2 class=\"uagb-heading-text\">Rotulaci\u00f3n en Vinil<\/h2><p class=\"uagb-desc-text\">Ofrecemos rotulaci\u00f3n en vinil de alta calidad que resalta tu imagen de marca. Perfecto para se\u00f1al\u00e9tica y art\u00edculos publicitarios, asegurando durabilidad y visibilidad.<\/p><\/div>\n<\/div>\n<\/div>\n\n\n\n<div class=\"wp-block-uagb-container uagb-block-a7975e65\">\n<div class=\"wp-block-uagb-container uagb-block-8b6520d4\">\n<div class=\"wp-block-uagb-advanced-heading uagb-block-64c0417a\"><div class=\"uagb-heading-text\">04<\/div><\/div>\n\n\n\n<div class=\"wp-block-uagb-advanced-heading uagb-block-560c2369\"><h2 class=\"uagb-heading-text\">Bordado Corporativo<\/h2><p class=\"uagb-desc-text\">Complementa tus art\u00edculos con bordado profesional. Ofrecemos servicios de bordado para uniformes y merchandising, garantizando una presentaci\u00f3n impecable de tu marca.<\/p><\/div>\n<\/div>\n\n\n\n<div class=\"wp-block-uagb-container uagb-block-75ff5af5\">\n<div class=\"wp-block-uagb-image alignright uagb-block-1d2cfd3d wp-block-uagb-image--layout-default wp-block-uagb-image--effect-static wp-block-uagb-image--align-right\"><figure class=\"wp-block-uagb-image__figure\"><img loading=\"lazy\" decoding=\"async\" srcset=\"https:\/\/geekdesign.mx\/wp-content\/uploads\/2026\/03\/Corte-laser-264-de-1330.jpeg ,https:\/\/geekdesign.mx\/wp-content\/uploads\/2026\/03\/Corte-laser-264-de-1330.jpeg 780w, https:\/\/geekdesign.mx\/wp-content\/uploads\/2026\/03\/Corte-laser-264-de-1330.jpeg 360w\" sizes=\"auto, (max-width: 480px) 150px\" src=\"https:\/\/geekdesign.mx\/wp-content\/uploads\/2026\/03\/Corte-laser-264-de-1330.jpeg\" alt=\"Corte Laser 264 De 1330\" class=\"uag-image-148\" width=\"560\" height=\"450\" title=\"Offerings\" loading=\"lazy\" role=\"img\"><\/figure><\/div>\n<\/div>\n<\/div>\n<\/div><\/div>\n\n\n\n<div class=\"wp-block-uagb-container uagb-block-b1910bc1 alignfull uagb-is-root-container\"><div class=\"uagb-container-inner-blocks-wrap\">\n<div class=\"wp-block-uagb-advanced-heading uagb-block-38cff14a\"><h2 class=\"uagb-heading-text\">Preguntas Frecuentes<\/h2><\/div>\n\n\n\n<div class=\"wp-block-uagb-container uagb-block-af7e7337\">\n<div class=\"wp-block-uagb-container uagb-block-0ee8d121\">\n<div class=\"wp-block-uagb-advanced-heading uagb-block-829e30f4\"><h3 class=\"uagb-heading-text\">\u00bfQu\u00e9 materiales pueden grabar?<\/h3><p class=\"uagb-desc-text\">Grabamos en diversos materiales como metal, madera, acr\u00edlico y m\u00e1s, adapt\u00e1ndonos a tus necesidades espec\u00edficas de dise\u00f1o.<\/p><div class=\"uagb-separator\"><\/div><\/div>\n\n\n\n<div class=\"wp-block-uagb-advanced-heading uagb-block-e1382c82\"><h3 class=\"uagb-heading-text\">\u00bfCu\u00e1l es el tiempo de entrega?<\/h3><p class=\"uagb-desc-text\">El tiempo de entrega depende del tipo de proyecto, pero trabajamos para cumplir con plazos convenidos sin comprometer la calidad.<\/p><div class=\"uagb-separator\"><\/div><\/div>\n<\/div>\n\n\n\n<div class=\"wp-block-uagb-container uagb-block-985d7cb3\">\n<div class=\"wp-block-uagb-advanced-heading uagb-block-4ff77716\"><h3 class=\"uagb-heading-text\">\u00bfQu\u00e9 tama\u00f1os de corte ofrecen?<\/h3><p class=\"uagb-desc-text\">Ofrecemos cortes l\u00e1ser en varios tama\u00f1os, desde peque\u00f1os detalles hasta piezas grandes, personalizadas seg\u00fan lo que requieras.<\/p><div class=\"uagb-separator\"><\/div><\/div>\n\n\n\n<div class=\"wp-block-uagb-advanced-heading uagb-block-d5522357\"><h3 class=\"uagb-heading-text\">\u00bfPuedo ver ejemplos de trabajos anteriores?<\/h3><p class=\"uagb-desc-text\">S\u00ed, ofrecemos un portafolio de trabajos previos para que puedas ver la calidad de nuestro grabado y corte l\u00e1ser.<\/p><div class=\"uagb-separator\"><\/div><\/div>\n<\/div>\n<\/div>\n<\/div><\/div>\n\n\n\n<div class=\"wp-block-uagb-container uagb-block-a7a37dc1 alignfull uagb-is-root-container\"><div class=\"uagb-container-inner-blocks-wrap\">\n<div class=\"wp-block-uagb-container uagb-block-8060ad8e\">\n<div class=\"wp-block-uagb-info-box uagb-block-4b1271c6 uagb-infobox__content-wrap  uagb-infobox-icon-above-title uagb-infobox-image-valign-top\"><div class=\"uagb-ifb-content\"><div class=\"uagb-ifb-title-wrap\"><span class=\"uagb-ifb-title-prefix\">Con\u00e9ctate con nosotros<\/span><h2 class=\"uagb-ifb-title\">\u00a1Haz realidad tus ideas hoy mismo!<\/h2><\/div><p class=\"uagb-ifb-desc\">Cont\u00e1ctanos y descubre c\u00f3mo podemos ayudarte a crear productos excepcionales.<\/p><\/div><\/div>\n\n\n\n<div class=\"wp-block-uagb-buttons uagb-buttons__outer-wrap uagb-btn__default-btn uagb-btn-tablet__default-btn uagb-btn-mobile__default-btn uagb-block-0cfafb39\"><div class=\"uagb-buttons__wrap uagb-buttons-layout-wrap \">\n<div class=\"wp-block-uagb-buttons-child uagb-buttons__outer-wrap uagb-block-6df3baf1 wp-block-button\"><div class=\"uagb-button__wrapper\"><a class=\"uagb-buttons-repeater wp-block-button__link\" aria-label=\"\" href=\"\/contact\/\" rel=\"follow noopener\" target=\"_self\"><div class=\"uagb-button__link\">Cont\u00e1ctanos<\/div><\/a><\/div><\/div>\n<\/div><\/div>\n<\/div>\n<\/div><\/div>\n","protected":false},"excerpt":{"rendered":"<p>Soluciones de Grabado y Corte L\u00e1ser 01 Grabado L\u00e1ser Ofrecemos grabado l\u00e1ser en una amplia variedad de superficies, ideal para [&hellip;]<\/p>\n","protected":false},"author":1,"featured_media":0,"parent":0,"menu_order":0,"comment_status":"closed","ping_status":"closed","template":"","meta":{"_uag_custom_page_level_css":"","site-sidebar-layout":"no-sidebar","site-content-layout":"plain-container","ast-site-content-layout":"normal-width-container","site-content-style":"unboxed","site-sidebar-style":"unboxed","ast-global-header-display":"","ast-banner-title-visibility":"","ast-main-header-display":"","ast-hfb-above-header-display":"","ast-hfb-below-header-display":"","ast-hfb-mobile-header-display":"","site-post-title":"disabled","ast-breadcrumbs-content":"","ast-featured-img":"","footer-sml-layout":"","ast-disable-related-posts":"","theme-transparent-header-meta":"default","adv-header-id-meta":"","stick-header-meta":"","header-above-stick-meta":"","header-main-stick-meta":"","header-below-stick-meta":"","astra-migrate-meta-layouts":"set","ast-page-background-enabled":"default","ast-page-background-meta":{"desktop":{"background-color":"var(--ast-global-color-4)","background-image":"","background-repeat":"repeat","background-position":"center center","background-size":"auto","background-attachment":"scroll","background-type":"","background-media":"","overlay-type":"","overlay-color":"","overlay-opacity":"","overlay-gradient":""},"tablet":{"background-color":"","background-image":"","background-repeat":"repeat","background-position":"center center","background-size":"auto","background-attachment":"scroll","background-type":"","background-media":"","overlay-type":"","overlay-color":"","overlay-opacity":"","overlay-gradient":""},"mobile":{"background-color":"","background-image":"","background-repeat":"repeat","background-position":"center center","background-size":"auto","background-attachment":"scroll","background-type":"","background-media":"","overlay-type":"","overlay-color":"","overlay-opacity":"","overlay-gradient":""}},"ast-content-background-meta":{"desktop":{"background-color":"var(--ast-global-color-5)","background-image":"","background-repeat":"repeat","background-position":"center center","background-size":"auto","background-attachment":"scroll","background-type":"","background-media":"","overlay-type":"","overlay-color":"","overlay-opacity":"","overlay-gradient":""},"tablet":{"background-color":"var(--ast-global-color-5)","background-image":"","background-repeat":"repeat","background-position":"center center","background-size":"auto","background-attachment":"scroll","background-type":"","background-media":"","overlay-type":"","overlay-color":"","overlay-opacity":"","overlay-gradient":""},"mobile":{"background-color":"var(--ast-global-color-5)","background-image":"","background-repeat":"repeat","background-position":"center center","background-size":"auto","background-attachment":"scroll","background-type":"","background-media":"","overlay-type":"","overlay-color":"","overlay-opacity":"","overlay-gradient":""}},"footnotes":""},"class_list":["post-31","page","type-page","status-publish","hentry"],"uagb_featured_image_src":{"full":false,"thumbnail":false,"medium":false,"medium_large":false,"large":false,"1536x1536":false,"2048x2048":false},"uagb_author_info":{"display_name":"webGDmaster","author_link":"https:\/\/geekdesign.mx\/?author=1"},"uagb_comment_info":0,"uagb_excerpt":"Soluciones de Grabado y Corte L\u00e1ser 01 Grabado L\u00e1ser Ofrecemos grabado l\u00e1ser en una amplia variedad de superficies, ideal para [&hellip;]","_links":{"self":[{"href":"https:\/\/geekdesign.mx\/index.php?rest_route=\/wp\/v2\/pages\/31","targetHints":{"allow":["GET"]}}],"collection":[{"href":"https:\/\/geekdesign.mx\/index.php?rest_route=\/wp\/v2\/pages"}],"about":[{"href":"https:\/\/geekdesign.mx\/index.php?rest_route=\/wp\/v2\/types\/page"}],"author":[{"embeddable":true,"href":"https:\/\/geekdesign.mx\/index.php?rest_route=\/wp\/v2\/users\/1"}],"replies":[{"embeddable":true,"href":"https:\/\/geekdesign.mx\/index.php?rest_route=%2Fwp%2Fv2%2Fcomments&post=31"}],"version-history":[{"count":3,"href":"https:\/\/geekdesign.mx\/index.php?rest_route=\/wp\/v2\/pages\/31\/revisions"}],"predecessor-version":[{"id":842,"href":"https:\/\/geekdesign.mx\/index.php?rest_route=\/wp\/v2\/pages\/31\/revisions\/842"}],"wp:attachment":[{"href":"https:\/\/geekdesign.mx\/index.php?rest_route=%2Fwp%2Fv2%2Fmedia&parent=31"}],"curies":[{"name":"wp","href":"https:\/\/api.w.org\/{rel}","templated":true}]}}